{"id":233,"date":"2025-08-07T13:10:07","date_gmt":"2025-08-07T11:10:07","guid":{"rendered":"http:\/\/adriarmengou.com\/politica-de-privacitat\/"},"modified":"2025-08-13T23:41:22","modified_gmt":"2025-08-13T21:41:22","slug":"politica-de-privacidad","status":"publish","type":"page","link":"https:\/\/adriarmengou.com\/es\/politica-de-privacidad\/","title":{"rendered":"Pol\u00edtica de privacidad"},"content":{"rendered":"\r\n<p class=\"p1\">Sus datos personales ser\u00e1n tratados de forma confidencial y \u00fanicamente para aquellas finalidades que usted haya consentido, tal como se explica a continuaci\u00f3n en la presente Pol\u00edtica de Privacidad y en cada una de las Pol\u00edticas de Privacidad de los distintos formularios.<\/p>\r\n<p>&nbsp;<\/p>\r\n<p class=\"p3\"><b>Compromiso con la privacidad<\/b><\/p>\r\n<p>&nbsp;<\/p>\r\n<p class=\"p1\">ADRI\u00c0 ARMENGOU MOLINS est\u00e1 plenamente comprometida con el cumplimiento de la normativa y el Reglamento General de Protecci\u00f3n de Datos de la Uni\u00f3n Europea, as\u00ed como con la normativa relativa a la protecci\u00f3n de datos personales vigente en cada momento.<\/p>\r\n<p class=\"p1\"><span class=\"s1\">ADRI\u00c0 ARMENGOU MOLINS <\/span>ha tomado la determinaci\u00f3n de implementar los siguientes principios, siendo la privacidad la base sobre la que se configuran todos los tratamientos:<\/p>\r\n<p>&nbsp;<\/p>\r\n<p>La transparencia en el tratamiento de datos: siempre que recabemos datos personales sobre usted, le informaremos debidamente de las finalidades de dicho tratamiento en la pol\u00edtica de privacidad correspondiente.<\/p>\r\n<p>Siempre trataremos los datos que sean estrictamente necesarios para llevar a cabo el tratamiento informado.<\/p>\r\n<p>Nunca le obligaremos a proporcionar datos personales, salvo que sean realmente necesarios para prestarle el servicio que, en su caso, nos solicite.<\/p>\r\n<p>No compartiremos datos con ning\u00fan tercero, salvo aquellos proveedores que nos presten un servicio, o con aquellos de los que usted haya sido previamente informado y nos haya dado su consentimiento.<\/p>\r\n<p>&nbsp;<\/p>\r\n<p class=\"p1\">ADRI\u00c0 ARMENGOU MOLINS obtiene sus datos personales para poder gestionar sus solicitudes y ofrecerle los servicios y productos en los que pueda estar interesado. En concreto, tratamos sus datos personales con las siguientes finalidades:<\/p>\r\n<p>&nbsp;<\/p>\r\n<p>Atender sus consultas, preguntas o solicitudes realizadas a trav\u00e9s de los canales de atenci\u00f3n, comunicaci\u00f3n o prensa identificados en cada p\u00e1gina web y ponernos en contacto con usted para resolverlas.<\/p>\r\n<p>Mejorar nuestras p\u00e1ginas web, servicios y productos, y ofrecer un mejor servicio y contenido.<\/p>\r\n<p>Ofrecerle acceso a los espacios restringidos de nuestra p\u00e1gina web (el registro puede exigir la aceptaci\u00f3n de una pol\u00edtica de privacidad espec\u00edfica).<\/p>\r\n<p>&nbsp;<\/p>\r\n<p class=\"p3\"><b>Env\u00edo de comunicaciones comerciales<\/b><\/p>\r\n<p>&nbsp;<\/p>\r\n<p class=\"p1\">ADRI\u00c0 ARMENGOU MOLINS puede facilitarle recursos de registro o suscripci\u00f3n a noticias o informaci\u00f3n general o comercial de la compa\u00f1\u00eda. Estos recursos estar\u00e1n siempre sujetos a su consentimiento para su env\u00edo.<\/p>\r\n<p class=\"p1\">En caso de que nos haya autorizado, ADRI\u00c0 ARMENGOU MOLINS le enviar\u00e1 informaci\u00f3n sobre sus productos, actividades y servicios personalizados para usted, de acuerdo con sus gustos y preferencias.<\/p>\r\n<p class=\"p1\">Podr\u00e1 revocar su consentimiento para recibir comunicaciones comerciales en cualquier momento, mediante el enlace o bot\u00f3n habilitado en cada una de las comunicaciones.<\/p>\r\n<p>&nbsp;<\/p>\r\n<p class=\"p3\"><b>Duraci\u00f3n del tratamiento y plazo de conservaci\u00f3n<\/b><\/p>\r\n<p>&nbsp;<\/p>\r\n<p class=\"p1\">En ADRI\u00c0 ARMENGOU MOLINS tratamos los datos personales mientras realmente nos sean \u00fatiles y podamos ofrecerle un servicio de calidad. Por ello, minimizamos el plazo de tratamiento y conservaci\u00f3n de los datos personales.<\/p>\r\n<p class=\"p1\">En cualquier caso, y aunque nos solicite la eliminaci\u00f3n de sus datos, podremos conservarlos y mantenerlos, bajo el bloqueo adecuado, durante el tiempo necesario para cumplir nuestras obligaciones legales.<\/p>\r\n<p>&nbsp;<\/p>\r\n<p class=\"p3\"><b>Ejercicio de derechos y reclamaciones ante la AEPD<\/b><\/p>\r\n<p>&nbsp;<\/p>\r\n<p class=\"p1\">Como consecuencia del tratamiento de sus datos personales por parte de ADRI\u00c0 ARMENGOU MOLINS, la legislaci\u00f3n vigente le otorga una serie de derechos:<\/p>\r\n<p>&nbsp;<\/p>\r\n<p>Derecho de acceso: Usted tendr\u00e1 derecho a conocer los datos personales que tratamos sobre usted y las finalidades con que los tratamos.<\/p>\r\n<p>Derecho de rectificaci\u00f3n: Podr\u00e1 solicitarnos su rectificaci\u00f3n en cualquier momento en caso de que los datos que obran en nuestros registros sean err\u00f3neos.<\/p>\r\n<p>Derecho de supresi\u00f3n: Podr\u00e1 solicitar, en cualquier momento, que sus datos personales sean eliminados de nuestros ficheros.<\/p>\r\n<p>Derecho de oposici\u00f3n: Podr\u00e1 oponerse al tratamiento de sus datos en relaci\u00f3n con cualquiera de las finalidades con las que los tratemos, de acuerdo con las pol\u00edticas de privacidad aplicables en cada caso.<\/p>\r\n<p>Derecho de limitaci\u00f3n del tratamiento: Podr\u00e1 solicitar la limitaci\u00f3n del tratamiento si considera que los datos que mantenemos sobre usted no son correctos o exactos; si considera que no estamos tratando sus datos de forma leg\u00edtima y prefiere que limitemos el tratamiento de los mismos en lugar de eliminarlos; o si los datos que mantenemos ya no son necesarios conforme a la finalidad para la que los recogimos.<\/p>\r\n<p>&nbsp;<\/p>\r\n<p class=\"p3\"><b>Confidencialidad<\/b><\/p>\r\n<p>&nbsp;<\/p>\r\n<p class=\"p1\">Nos comprometemos a tratar sus datos con la m\u00e1xima confidencialidad y discreci\u00f3n, as\u00ed como a implementar todas las medidas de seguridad que consideremos oportunas y razonables.<\/p>","protected":false},"excerpt":{"rendered":"<p>Sus datos personales ser\u00e1n tratados de forma confidencial y \u00fanicamente para aquellas finalidades que usted haya consentido, tal como se explica a continuaci\u00f3n en la presente Pol\u00edtica de Privacidad y en cada una de las Pol\u00edticas de Privacidad de los distintos formularios. &nbsp; Compromiso con la privacidad &nbsp; ADRI\u00c0 ARMENGOU MOLINS est\u00e1 plenamente comprometida con [&hellip;]<\/p>\n","protected":false},"author":1,"featured_media":0,"parent":0,"menu_order":18,"comment_status":"closed","ping_status":"open","template":"app-templates\/page-legal.php","meta":{"_acf_changed":false,"footnotes":""},"class_list":["post-233","page","type-page","status-publish","hentry"],"acf":[],"_links":{"self":[{"href":"https:\/\/adriarmengou.com\/es\/wp-json\/wp\/v2\/pages\/233","targetHints":{"allow":["GET"]}}],"collection":[{"href":"https:\/\/adriarmengou.com\/es\/wp-json\/wp\/v2\/pages"}],"about":[{"href":"https:\/\/adriarmengou.com\/es\/wp-json\/wp\/v2\/types\/page"}],"author":[{"embeddable":true,"href":"https:\/\/adriarmengou.com\/es\/wp-json\/wp\/v2\/users\/1"}],"replies":[{"embeddable":true,"href":"https:\/\/adriarmengou.com\/es\/wp-json\/wp\/v2\/comments?post=233"}],"version-history":[{"count":1,"href":"https:\/\/adriarmengou.com\/es\/wp-json\/wp\/v2\/pages\/233\/revisions"}],"predecessor-version":[{"id":261,"href":"https:\/\/adriarmengou.com\/es\/wp-json\/wp\/v2\/pages\/233\/revisions\/261"}],"wp:attachment":[{"href":"https:\/\/adriarmengou.com\/es\/wp-json\/wp\/v2\/media?parent=233"}],"curies":[{"name":"wp","href":"https:\/\/api.w.org\/{rel}","templated":true}]}}